{"id":11,"date":"2025-07-10T15:59:01","date_gmt":"2025-07-10T15:59:01","guid":{"rendered":"https:\/\/www.evatactical.tr\/blog\/?page_id=11"},"modified":"2025-07-15T14:34:48","modified_gmt":"2025-07-15T14:34:48","slug":"contact-2","status":"publish","type":"page","link":"https:\/\/www.evatactical.tr\/blog\/?page_id=11","title":{"rendered":"CONTACT"},"content":{"rendered":"\n<div style=\"height:156px\" aria-hidden=\"true\" class=\"wp-block-spacer\"><\/div>\n\n\n\n<div class=\"wp-block-group has-global-padding is-layout-constrained wp-block-group-is-layout-constrained\">\n<div class=\"wp-block-columns are-vertically-aligned-top is-layout-flex wp-container-core-columns-is-layout-d7d455e7 wp-block-columns-is-layout-flex\" style=\"padding-top:0;padding-right:0;padding-bottom:0;padding-left:0\">\n<div class=\"wp-block-column is-vertically-aligned-top is-layout-flow wp-block-column-is-layout-flow\" style=\"padding-right:7%;flex-basis:50%\">\n<p class=\"has-text-color\" style=\"color:#0bb4aa\"><\/p>\n\n\n\n<h2 class=\"wp-block-heading has-lightgrey-color has-text-color has-link-color has-large-font-size wp-elements-6d9f1cefd2b7c22ed8a42834bfe83452\">B\u0130Z NEREDEY\u0130Z&#8230;.<\/h2>\n\n\n\n<p class=\"has-lightgrey-color has-text-color has-link-color wp-elements-0a55640e3b388aa09996558dc016e5d2\"><a href=\"https:\/\/www.google.com\/search?sca_esv=0f3f3d91d2ee70a0&amp;sxsrf=AE3TifMduOfvgG0u6ynaA2h26IYgrpmWWA:1752587892213&amp;q=eva+tactical+harita&amp;udm=1&amp;fbs=AIIjpHwSU0Xn4FRaYzhfgs1jmQvOnw1dDD9iiBulB2fsjeHv6XuKgDzU9KpxZMcpsjQNb1WcUrMDj8VH-V1nlIcqw593vqMqjwClqHFJhTBUpesloyev7fQkZwonG0TiKz9EufWeDK3ancshWG5MHWjsczbzUz51zRjIZYhprnAiND-_tB2_RhdNXXCQ_6BvzBF4-4nYUF1C-Jqou_68vXz2rl6-uCOur3Awzba2V4PNRaQ-ak3TSd8&amp;sa=X&amp;ved=2ahUKEwiq34LWgr-OAxUtRPEDHfUjIpsQs6gLKAR6BAgTEAE&amp;biw=1397&amp;bih=687&amp;dpr=1.38#vhid=0x0:0x195356c1a8fcd04c&amp;vssid=lclsmap\">EVATACT\u0130CAL HAR\u0130TA \u0130\u00c7\u0130N TIKLAYIN<\/a><br><\/p>\n<\/div>\n\n\n\n<div class=\"wp-block-column is-vertically-aligned-top is-layout-flow wp-block-column-is-layout-flow\" style=\"flex-basis:50%\"><\/div>\n<\/div>\n\n\n\n<div style=\"height:135px\" aria-hidden=\"true\" class=\"wp-block-spacer\"><\/div>\n<\/div>\n\n\n\n<div class=\"wp-block-group alignfull has-global-padding is-layout-constrained wp-container-core-group-is-layout-19e250f3 wp-block-group-is-layout-constrained\">\n<div class=\"wp-block-columns alignfull are-vertically-aligned-center has-light-background-background-color has-background is-layout-flex wp-container-core-columns-is-layout-dd282781 wp-block-columns-is-layout-flex\" style=\"padding-top:0;padding-right:0;padding-bottom:0;padding-left:0\">\n<div class=\"wp-block-column is-vertically-aligned-center map-grayscale is-layout-flow wp-block-column-is-layout-flow\" style=\"flex-basis:50%\">\n<figure class=\"wp-block-image size-full\"><img loading=\"lazy\" decoding=\"async\" width=\"799\" height=\"573\" src=\"https:\/\/www.evatactical.tr\/blog\/wp-content\/uploads\/2025\/07\/Ekran-goruntusu-2025-07-15-170121.jpg\" alt=\"\" class=\"wp-image-177\" srcset=\"https:\/\/www.evatactical.tr\/blog\/wp-content\/uploads\/2025\/07\/Ekran-goruntusu-2025-07-15-170121.jpg 799w, https:\/\/www.evatactical.tr\/blog\/wp-content\/uploads\/2025\/07\/Ekran-goruntusu-2025-07-15-170121-300x215.jpg 300w\" sizes=\"auto, (max-width: 799px) 100vw, 799px\" \/><\/figure>\n<\/div>\n\n\n\n<div class=\"wp-block-column is-layout-flow wp-block-column-is-layout-flow\"><\/div>\n\n\n\n<div class=\"wp-block-column is-vertically-aligned-center is-layout-flow wp-block-column-is-layout-flow\" style=\"padding-top:var(--wp--preset--spacing--small);padding-right:var(--wp--preset--spacing--small);padding-bottom:var(--wp--preset--spacing--small);padding-left:2%;flex-basis:50%\">\n<h3 class=\"wp-block-heading has-large-font-size\">EVATACT\u0130CAL <\/h3>\n\n\n\n<p><\/p>\n\n\n\n<h3 class=\"wp-block-heading\"><strong>Adres fabrika<\/strong><\/h3>\n\n\n\n<p>Ak\u015femsettin mahallesi, \u0131\u015f\u0131kl\u0131 sokak no:11 Sultanbeyli \/ \u0130stanbul \/T\u00dcRK\u0130YE<\/p>\n\n\n\n<h3 class=\"wp-block-heading\"><strong>Email<\/strong><\/h3>\n\n\n\n<p>emre.koptagel@gmail.com<\/p>\n\n\n\n<p>emre@evatactical.tr<\/p>\n\n\n\n<h3 class=\"wp-block-heading\"><strong>Telefon<\/strong><\/h3>\n\n\n\n<p>+905334111778<\/p>\n<\/div>\n<\/div>\n<\/div>\n\n\n\n<div class=\"wp-block-group is-layout-flow wp-block-group-is-layout-flow\">\n<div class=\"wp-block-group is-layout-flow wp-block-group-is-layout-flow\">\n<div style=\"height:69px\" aria-hidden=\"true\" class=\"wp-block-spacer\"><\/div>\n\n\n\n<div class=\"wp-block-columns is-layout-flex wp-container-core-columns-is-layout-28f84493 wp-block-columns-is-layout-flex\">\n<div class=\"wp-block-column is-layout-flow wp-block-column-is-layout-flow\">\n<p class=\"has-text-align-left has-text-color\" style=\"color:#0bb4aa\"><\/p>\n\n\n\n<h2 class=\"wp-block-heading has-text-align-left has-lightgrey-color has-text-color has-link-color has-large-font-size wp-elements-ca14e0196d3cbb138ac5c158879907fa\">B\u00f6lge bayileri<\/h2>\n\n\n\n<div class=\"wp-block-columns is-layout-flex wp-container-core-columns-is-layout-28f84493 wp-block-columns-is-layout-flex\">\n<div class=\"wp-block-column is-layout-flow wp-block-column-is-layout-flow\">\n<p class=\"has-lightgrey-color has-text-color has-link-color wp-elements-377fda8123958410f44ed3fde4a00d09\" style=\"line-height:2.5\">Ankara<br>Antalya<br>Bursa<br>istanbul Anadolu<br>\u0130stanbul Avrupa<\/p>\n<\/div>\n\n\n\n<div class=\"wp-block-column is-layout-flow wp-block-column-is-layout-flow\">\n<p class=\"has-primary-color has-text-color has-link-color wp-elements-4c1631fb86829e07c332a54af0b84cc9\" style=\"line-height:2.5\">New York<br>Paris<br>San Francisco<br>Sydney<br>Tokyo<\/p>\n<\/div>\n<\/div>\n<\/div>\n\n\n\n<div class=\"wp-block-column is-layout-flow wp-block-column-is-layout-flow\">\n<figure class=\"wp-block-image size-full\"><img loading=\"lazy\" decoding=\"async\" width=\"658\" height=\"329\" src=\"https:\/\/www.evatactical.tr\/blog\/wp-content\/uploads\/2025\/07\/Ekran-goruntusu-2025-07-15-171953-1.jpg\" alt=\"\" class=\"wp-image-200\" srcset=\"https:\/\/www.evatactical.tr\/blog\/wp-content\/uploads\/2025\/07\/Ekran-goruntusu-2025-07-15-171953-1.jpg 658w, https:\/\/www.evatactical.tr\/blog\/wp-content\/uploads\/2025\/07\/Ekran-goruntusu-2025-07-15-171953-1-300x150.jpg 300w\" sizes=\"auto, (max-width: 658px) 100vw, 658px\" \/><\/figure>\n<\/div>\n<\/div>\n\n\n\n<div style=\"height:52px\" aria-hidden=\"true\" class=\"wp-block-spacer\"><\/div>\n<\/div>\n<\/div>\n\n\n\n<div class=\"wp-block-group has-global-padding is-layout-constrained wp-block-group-is-layout-constrained\">\n<div style=\"height:33px\" aria-hidden=\"true\" class=\"wp-block-spacer\"><\/div>\n\n\n\n<div class=\"wp-block-columns are-vertically-aligned-center is-layout-flex wp-container-core-columns-is-layout-4ed999c3 wp-block-columns-is-layout-flex\" style=\"padding-top:var(--wp--preset--spacing--60);padding-bottom:var(--wp--preset--spacing--60);padding-left:0\">\n<div class=\"wp-block-column is-vertically-aligned-center has-global-padding is-content-justification-left is-layout-constrained wp-container-core-column-is-layout-12dd3699 wp-block-column-is-layout-constrained\" style=\"flex-basis:66.66%\">\n<h2 class=\"wp-block-heading\">Thinking about joining our team?<\/h2>\n\n\n\n<p>Check out our open positions, or drop us a line, say hi.<\/p>\n<\/div>\n\n\n\n<div class=\"wp-block-column is-vertically-aligned-center is-layout-flow wp-block-column-is-layout-flow\" style=\"flex-basis:33.33%\">\n<div class=\"wp-block-buttons is-content-justification-right is-layout-flex wp-container-core-buttons-is-layout-d445cf74 wp-block-buttons-is-layout-flex\">\n<div class=\"wp-block-button is-style-fill\"><a class=\"wp-block-button__link has-custom-font-size wp-element-button\" style=\"border-radius:0px;font-size:14px;font-style:normal;font-weight:600;letter-spacing:1px;text-transform:uppercase\">View Job Openings<\/a><\/div>\n<\/div>\n<\/div>\n<\/div>\n\n\n\n<div style=\"height:45px\" aria-hidden=\"true\" class=\"wp-block-spacer\"><\/div>\n<\/div>\n","protected":false},"excerpt":{"rendered":"<p>B\u0130Z NEREDEY\u0130Z&#8230;. EVATACT\u0130CAL HAR\u0130TA \u0130\u00c7\u0130N TIKLAYIN EVATACT\u0130CAL Adres fabrika Ak\u015femsettin mahallesi, \u0131\u015f\u0131kl\u0131 sokak no:11 Sultanbeyli \/ \u0130stanbul \/T\u00dcRK\u0130YE Email emre.koptagel@gmail.com emre@evatactical.tr Telefon +905334111778 B\u00f6lge bayileri AnkaraAntalyaBursaistanbul Anadolu\u0130stanbul Avrupa New YorkParisSan FranciscoSydneyTokyo Thinking about joining our team? Check out our open positions, or drop us a line, say hi.<\/p>\n","protected":false},"author":1,"featured_media":189,"parent":0,"menu_order":0,"comment_status":"closed","ping_status":"closed","template":"","meta":{"inspiro_hide_title":false,"footnotes":""},"class_list":["post-11","page","type-page","status-publish","has-post-thumbnail","hentry"],"featured_media_urls":{"thumbnail":["https:\/\/www.evatactical.tr\/blog\/wp-content\/uploads\/2025\/07\/thumb-1920-279866-1-150x150.jpg",150,150,true],"medium":["https:\/\/www.evatactical.tr\/blog\/wp-content\/uploads\/2025\/07\/thumb-1920-279866-1-300x188.jpg",300,188,true],"medium_large":["https:\/\/www.evatactical.tr\/blog\/wp-content\/uploads\/2025\/07\/thumb-1920-279866-1.jpg",768,480,false],"large":["https:\/\/www.evatactical.tr\/blog\/wp-content\/uploads\/2025\/07\/thumb-1920-279866-1-1024x640.jpg",950,594,true],"1536x1536":["https:\/\/www.evatactical.tr\/blog\/wp-content\/uploads\/2025\/07\/thumb-1920-279866-1-1536x960.jpg",1536,960,true],"2048x2048":["https:\/\/www.evatactical.tr\/blog\/wp-content\/uploads\/2025\/07\/thumb-1920-279866-1.jpg",1920,1200,false],"inspiro-featured-image":["https:\/\/www.evatactical.tr\/blog\/wp-content\/uploads\/2025\/07\/thumb-1920-279866-1.jpg",1920,1200,false],"inspiro-loop":["https:\/\/www.evatactical.tr\/blog\/wp-content\/uploads\/2025\/07\/thumb-1920-279866-1-950x320.jpg",950,320,true],"inspiro-loop@2x":["https:\/\/www.evatactical.tr\/blog\/wp-content\/uploads\/2025\/07\/thumb-1920-279866-1-1900x640.jpg",1900,640,true],"portfolio_item-thumbnail":["https:\/\/www.evatactical.tr\/blog\/wp-content\/uploads\/2025\/07\/thumb-1920-279866-1-600x400.jpg",600,400,true],"portfolio_item-thumbnail@2x":["https:\/\/www.evatactical.tr\/blog\/wp-content\/uploads\/2025\/07\/thumb-1920-279866-1-1200x800.jpg",1200,800,true],"portfolio_item-masonry":["https:\/\/www.evatactical.tr\/blog\/wp-content\/uploads\/2025\/07\/thumb-1920-279866-1-600x375.jpg",600,375,true],"portfolio_item-masonry@2x":["https:\/\/www.evatactical.tr\/blog\/wp-content\/uploads\/2025\/07\/thumb-1920-279866-1-1200x750.jpg",1200,750,true],"portfolio_item-thumbnail_cinema":["https:\/\/www.evatactical.tr\/blog\/wp-content\/uploads\/2025\/07\/thumb-1920-279866-1-800x335.jpg",800,335,true],"portfolio_item-thumbnail_portrait":["https:\/\/www.evatactical.tr\/blog\/wp-content\/uploads\/2025\/07\/thumb-1920-279866-1-600x900.jpg",600,900,true],"portfolio_item-thumbnail_portrait@2x":["https:\/\/www.evatactical.tr\/blog\/wp-content\/uploads\/2025\/07\/thumb-1920-279866-1-1200x1200.jpg",1200,1200,true],"portfolio_item-thumbnail_square":["https:\/\/www.evatactical.tr\/blog\/wp-content\/uploads\/2025\/07\/thumb-1920-279866-1-800x800.jpg",800,800,true]},"_links":{"self":[{"href":"https:\/\/www.evatactical.tr\/blog\/index.php?rest_route=\/wp\/v2\/pages\/11","targetHints":{"allow":["GET"]}}],"collection":[{"href":"https:\/\/www.evatactical.tr\/blog\/index.php?rest_route=\/wp\/v2\/pages"}],"about":[{"href":"https:\/\/www.evatactical.tr\/blog\/index.php?rest_route=\/wp\/v2\/types\/page"}],"author":[{"embeddable":true,"href":"https:\/\/www.evatactical.tr\/blog\/index.php?rest_route=\/wp\/v2\/users\/1"}],"replies":[{"embeddable":true,"href":"https:\/\/www.evatactical.tr\/blog\/index.php?rest_route=%2Fwp%2Fv2%2Fcomments&post=11"}],"version-history":[{"count":14,"href":"https:\/\/www.evatactical.tr\/blog\/index.php?rest_route=\/wp\/v2\/pages\/11\/revisions"}],"predecessor-version":[{"id":201,"href":"https:\/\/www.evatactical.tr\/blog\/index.php?rest_route=\/wp\/v2\/pages\/11\/revisions\/201"}],"wp:featuredmedia":[{"embeddable":true,"href":"https:\/\/www.evatactical.tr\/blog\/index.php?rest_route=\/wp\/v2\/media\/189"}],"wp:attachment":[{"href":"https:\/\/www.evatactical.tr\/blog\/index.php?rest_route=%2Fwp%2Fv2%2Fmedia&parent=11"}],"curies":[{"name":"wp","href":"https:\/\/api.w.org\/{rel}","templated":true}]}}