{"id":10,"date":"2025-07-10T15:59:01","date_gmt":"2025-07-10T15:59:01","guid":{"rendered":"https:\/\/www.evatactical.tr\/blog\/?page_id=10"},"modified":"2025-08-08T10:09:27","modified_gmt":"2025-08-08T10:09:27","slug":"about","status":"publish","type":"page","link":"https:\/\/www.evatactical.tr\/blog\/?page_id=10","title":{"rendered":"EVA TACT\u0130CAL D\u00dcNYASI&#8230;."},"content":{"rendered":"\n<h2 class=\"wp-block-heading has-large-font-size\" id=\"inspiro-is-a-digital-product-agency-that-focuses-on-strategy-and-design\" style=\"font-style:normal;font-weight:100\"><strong>Tasar\u0131mlar\u0131n olu\u015fmas\u0131ndaki ger\u00e7ekler<\/strong><\/h2>\n\n\n\n<div style=\"height:100px\" aria-hidden=\"true\" class=\"wp-block-spacer\"><\/div>\n\n\n\n<div class=\"wp-block-columns alignwide is-layout-flex wp-container-core-columns-is-layout-28f84493 wp-block-columns-is-layout-flex\">\n<div class=\"wp-block-column is-layout-flow wp-block-column-is-layout-flow\">\n<figure class=\"wp-block-image size-large\"><img loading=\"lazy\" decoding=\"async\" width=\"1024\" height=\"683\" src=\"https:\/\/www.evatactical.tr\/blog\/wp-content\/uploads\/2025\/08\/WhatsApp-Gorsel-2025-07-11-saat-17.37.28_636b2f0b-1024x683.jpg\" alt=\"\" class=\"wp-image-276\" srcset=\"https:\/\/www.evatactical.tr\/blog\/wp-content\/uploads\/2025\/08\/WhatsApp-Gorsel-2025-07-11-saat-17.37.28_636b2f0b-1024x683.jpg 1024w, https:\/\/www.evatactical.tr\/blog\/wp-content\/uploads\/2025\/08\/WhatsApp-Gorsel-2025-07-11-saat-17.37.28_636b2f0b-300x200.jpg 300w, https:\/\/www.evatactical.tr\/blog\/wp-content\/uploads\/2025\/08\/WhatsApp-Gorsel-2025-07-11-saat-17.37.28_636b2f0b-600x400.jpg 600w, https:\/\/www.evatactical.tr\/blog\/wp-content\/uploads\/2025\/08\/WhatsApp-Gorsel-2025-07-11-saat-17.37.28_636b2f0b-1200x800.jpg 1200w, https:\/\/www.evatactical.tr\/blog\/wp-content\/uploads\/2025\/08\/WhatsApp-Gorsel-2025-07-11-saat-17.37.28_636b2f0b.jpg 1932w\" sizes=\"auto, (max-width: 1024px) 100vw, 1024px\" \/><\/figure>\n\n\n\n<p class=\"has-black-color has-text-color has-medium-font-size\"><a href=\"#\">Ergonomi<\/a><\/p>\n\n\n\n<p class=\"has-text-color\" style=\"color:#7a7a7a\">Tasar\u0131m yapmak i\u015fin sadece ba\u015flang\u0131c\u0131d\u0131r. \u00d6nemli olan i\u015flevselliktir. B\u0131\u00e7a\u011f\u0131n g\u00f6rseli harika olabilir, ancak bir ama\u00e7 i\u00e7in \u00fcretilmediyse masa \u00fcst\u00fcnde bir s\u00fcs e\u015fyas\u0131 olarak kalmaktan ileri gidemeyecektir.<\/p>\n<\/div>\n\n\n\n<div class=\"wp-block-column is-layout-flow wp-block-column-is-layout-flow\">\n<figure class=\"wp-block-image size-large\"><img loading=\"lazy\" decoding=\"async\" width=\"1024\" height=\"683\" src=\"https:\/\/www.evatactical.tr\/blog\/wp-content\/uploads\/2025\/08\/WhatsApp-Gorsel-2025-07-11-saat-17.37.01_eb1d4f2d-1024x683.jpg\" alt=\"\" class=\"wp-image-277\" srcset=\"https:\/\/www.evatactical.tr\/blog\/wp-content\/uploads\/2025\/08\/WhatsApp-Gorsel-2025-07-11-saat-17.37.01_eb1d4f2d-1024x683.jpg 1024w, https:\/\/www.evatactical.tr\/blog\/wp-content\/uploads\/2025\/08\/WhatsApp-Gorsel-2025-07-11-saat-17.37.01_eb1d4f2d-300x200.jpg 300w, https:\/\/www.evatactical.tr\/blog\/wp-content\/uploads\/2025\/08\/WhatsApp-Gorsel-2025-07-11-saat-17.37.01_eb1d4f2d-600x400.jpg 600w, https:\/\/www.evatactical.tr\/blog\/wp-content\/uploads\/2025\/08\/WhatsApp-Gorsel-2025-07-11-saat-17.37.01_eb1d4f2d-1200x800.jpg 1200w, https:\/\/www.evatactical.tr\/blog\/wp-content\/uploads\/2025\/08\/WhatsApp-Gorsel-2025-07-11-saat-17.37.01_eb1d4f2d.jpg 1932w\" sizes=\"auto, (max-width: 1024px) 100vw, 1024px\" \/><\/figure>\n\n\n\n<p class=\"has-black-color has-text-color has-medium-font-size\"><a href=\"#\">Detaylar<\/a><\/p>\n\n\n\n<p class=\"has-text-color\" style=\"color:#7a7a7a\">Bir \u00fcr\u00fcn tasarlad\u0131\u011f\u0131n\u0131zda bir hedefiniz olmal\u0131d\u0131r. B\u00fct\u00fcn\u00fc g\u00f6rmeden yarat\u0131lan her \u00fcr\u00fcn bo\u015flukta kalmaya mahkumdur. Her b\u0131\u00e7a\u011f\u0131n tasar\u0131m\u0131 bir ama\u00e7 ta\u015f\u0131mal\u0131d\u0131r. <\/p>\n<\/div>\n\n\n\n<div class=\"wp-block-column is-layout-flow wp-block-column-is-layout-flow\">\n<figure class=\"wp-block-image size-large\"><img loading=\"lazy\" decoding=\"async\" width=\"1024\" height=\"683\" src=\"https:\/\/www.evatactical.tr\/blog\/wp-content\/uploads\/2025\/08\/WhatsApp-Gorsel-2025-07-11-saat-17.36.24_3b93368c-1024x683.jpg\" alt=\"\" class=\"wp-image-278\" srcset=\"https:\/\/www.evatactical.tr\/blog\/wp-content\/uploads\/2025\/08\/WhatsApp-Gorsel-2025-07-11-saat-17.36.24_3b93368c-1024x683.jpg 1024w, https:\/\/www.evatactical.tr\/blog\/wp-content\/uploads\/2025\/08\/WhatsApp-Gorsel-2025-07-11-saat-17.36.24_3b93368c-300x200.jpg 300w, https:\/\/www.evatactical.tr\/blog\/wp-content\/uploads\/2025\/08\/WhatsApp-Gorsel-2025-07-11-saat-17.36.24_3b93368c-600x400.jpg 600w, https:\/\/www.evatactical.tr\/blog\/wp-content\/uploads\/2025\/08\/WhatsApp-Gorsel-2025-07-11-saat-17.36.24_3b93368c-1200x800.jpg 1200w, https:\/\/www.evatactical.tr\/blog\/wp-content\/uploads\/2025\/08\/WhatsApp-Gorsel-2025-07-11-saat-17.36.24_3b93368c.jpg 1932w\" sizes=\"auto, (max-width: 1024px) 100vw, 1024px\" \/><\/figure>\n\n\n\n<p class=\"has-black-color has-text-color has-medium-font-size\"><a href=\"#\">Karakter<\/a><\/p>\n\n\n\n<p class=\"has-text-color\" style=\"color:#7a7a7a\">Unutulmamas\u0131 gereken en b\u00fcy\u00fck husus siz bir b\u0131\u00e7ak edinmiyorsunuz. Tasar\u0131mc\u0131s\u0131n\u0131n vizyonunu ve onun ruhunu al\u0131yorsunuz. Bu y\u00fczden b\u0131\u00e7aklar\u0131m\u0131z el yap\u0131m\u0131, her milimi ustan\u0131n al\u0131n teriyle kar\u0131\u015fm\u0131\u015f benzersiz \u00fcr\u00fcnler. Evatactical sizeler bir b\u0131\u00e7aktan fazlas\u0131n\u0131 veriyor &#8230;..<\/p>\n<\/div>\n<\/div>\n\n\n\n<h3 class=\"wp-block-heading has-large-font-size\" id=\"inspiro-is-a-digital-product-agency-that-focuses-on-strategy-and-desig\" style=\"font-style:normal;font-weight:300\">Showreel<\/h3>\n\n\n\n<figure class=\"wp-block-embed alignwide is-type-video is-provider-youtube wp-block-embed-youtube wp-embed-aspect-16-9 wp-has-aspect-ratio\"><div class=\"wp-block-embed__wrapper\">\n<iframe loading=\"lazy\" title=\"Youtube Intro\" width=\"950\" height=\"534\" src=\"https:\/\/www.youtube.com\/embed\/X3RdcgBQCmk?feature=oembed\" frameborder=\"0\" allow=\"accelerometer; autoplay; clipboard-write; encrypted-media; gyroscope; picture-in-picture; web-share\" referrerpolicy=\"strict-origin-when-cross-origin\" allowfullscreen><\/iframe>\n<\/div><\/figure>\n\n\n\n<div style=\"height:100px\" aria-hidden=\"true\" class=\"wp-block-spacer\"><\/div>\n\n\n\n<div class=\"wp-block-cover alignfull\" style=\"padding-top:50px;padding-right:50px;padding-bottom:50px;padding-left:50px;min-height:316px;aspect-ratio:unset;\"><span aria-hidden=\"true\" class=\"wp-block-cover__background has-black-background-color has-background-dim-100 has-background-dim\"><\/span><div class=\"wp-block-cover__inner-container is-layout-flow wp-block-cover-is-layout-flow\">\n<div class=\"wp-block-columns are-vertically-aligned-center is-layout-flex wp-container-core-columns-is-layout-28f84493 wp-block-columns-is-layout-flex\">\n<div class=\"wp-block-column is-vertically-aligned-center is-layout-flow wp-block-column-is-layout-flow\" style=\"padding-top:20px;padding-right:0px;padding-bottom:20px;padding-left:0px\">\n<div class=\"wp-block-group is-content-justification-space-between is-nowrap is-layout-flex wp-container-core-group-is-layout-bb3dfb5c wp-block-group-is-layout-flex\">\n<div class=\"wp-block-group is-layout-flow wp-block-group-is-layout-flow\">\n<p class=\"has-text-align-center has-white-color has-text-color\" style=\"font-size:clamp(14px, 0.875rem + ((1vw - 3.2px) * 0.354), 18px);line-height:1\"><\/p>\n<\/div>\n\n\n\n<figure class=\"wp-block-gallery has-nested-images columns-default is-cropped wp-block-gallery-1 is-layout-flex wp-block-gallery-is-layout-flex\">\n<figure class=\"wp-block-image size-large\"><img loading=\"lazy\" decoding=\"async\" width=\"768\" height=\"1024\" data-id=\"285\" src=\"https:\/\/www.evatactical.tr\/blog\/wp-content\/uploads\/2025\/08\/WhatsApp-Gorsel-2025-05-11-saat-15.13.21_0b339861-768x1024.jpg\" alt=\"\" class=\"wp-image-285\" srcset=\"https:\/\/www.evatactical.tr\/blog\/wp-content\/uploads\/2025\/08\/WhatsApp-Gorsel-2025-05-11-saat-15.13.21_0b339861-768x1024.jpg 768w, https:\/\/www.evatactical.tr\/blog\/wp-content\/uploads\/2025\/08\/WhatsApp-Gorsel-2025-05-11-saat-15.13.21_0b339861-225x300.jpg 225w, https:\/\/www.evatactical.tr\/blog\/wp-content\/uploads\/2025\/08\/WhatsApp-Gorsel-2025-05-11-saat-15.13.21_0b339861-2000x2667.jpg 2000w, https:\/\/www.evatactical.tr\/blog\/wp-content\/uploads\/2025\/08\/WhatsApp-Gorsel-2025-05-11-saat-15.13.21_0b339861-scaled.jpg 1920w\" sizes=\"auto, (max-width: 768px) 100vw, 768px\" \/><\/figure>\n<\/figure>\n<\/div>\n<\/div>\n\n\n\n<div class=\"wp-block-column is-vertically-aligned-center is-layout-flow wp-block-column-is-layout-flow\" style=\"padding-top:20px;padding-right:0px;padding-bottom:20px;padding-left:0px\">\n<div class=\"wp-block-group is-content-justification-space-between is-nowrap is-layout-flex wp-container-core-group-is-layout-bb3dfb5c wp-block-group-is-layout-flex\">\n<div class=\"wp-block-group is-layout-flow wp-block-group-is-layout-flow\">\n<p class=\"has-text-align-center has-white-color has-text-color\" style=\"font-size:clamp(14px, 0.875rem + ((1vw - 3.2px) * 0.354), 18px);line-height:1\"><\/p>\n<\/div>\n\n\n\n<figure class=\"wp-block-gallery has-nested-images columns-default is-cropped wp-block-gallery-2 is-layout-flex wp-block-gallery-is-layout-flex\">\n<figure class=\"wp-block-image size-large\"><img loading=\"lazy\" decoding=\"async\" width=\"768\" height=\"1024\" data-id=\"286\" src=\"https:\/\/www.evatactical.tr\/blog\/wp-content\/uploads\/2025\/08\/WhatsApp-Gorsel-2025-05-11-saat-15.13.44_9b32c4ff-768x1024.jpg\" alt=\"\" class=\"wp-image-286\" srcset=\"https:\/\/www.evatactical.tr\/blog\/wp-content\/uploads\/2025\/08\/WhatsApp-Gorsel-2025-05-11-saat-15.13.44_9b32c4ff-768x1024.jpg 768w, https:\/\/www.evatactical.tr\/blog\/wp-content\/uploads\/2025\/08\/WhatsApp-Gorsel-2025-05-11-saat-15.13.44_9b32c4ff-225x300.jpg 225w, https:\/\/www.evatactical.tr\/blog\/wp-content\/uploads\/2025\/08\/WhatsApp-Gorsel-2025-05-11-saat-15.13.44_9b32c4ff-2000x2667.jpg 2000w, https:\/\/www.evatactical.tr\/blog\/wp-content\/uploads\/2025\/08\/WhatsApp-Gorsel-2025-05-11-saat-15.13.44_9b32c4ff-scaled.jpg 1920w\" sizes=\"auto, (max-width: 768px) 100vw, 768px\" \/><\/figure>\n<\/figure>\n<\/div>\n<\/div>\n\n\n\n<div class=\"wp-block-column is-vertically-aligned-center is-layout-flow wp-block-column-is-layout-flow\" style=\"padding-top:20px;padding-right:0px;padding-bottom:20px;padding-left:0px\">\n<div class=\"wp-block-group is-content-justification-space-between is-nowrap is-layout-flex wp-container-core-group-is-layout-bb3dfb5c wp-block-group-is-layout-flex\">\n<div class=\"wp-block-group is-layout-flow wp-block-group-is-layout-flow\">\n<p class=\"has-text-align-center has-white-color has-text-color\" style=\"font-size:clamp(14px, 0.875rem + ((1vw - 3.2px) * 0.354), 18px);line-height:1\"><\/p>\n<\/div>\n\n\n\n<figure class=\"wp-block-gallery has-nested-images columns-default is-cropped wp-block-gallery-3 is-layout-flex wp-block-gallery-is-layout-flex\">\n<figure class=\"wp-block-image size-large\"><img loading=\"lazy\" decoding=\"async\" width=\"768\" height=\"1024\" data-id=\"287\" src=\"https:\/\/www.evatactical.tr\/blog\/wp-content\/uploads\/2025\/08\/WhatsApp-Gorsel-2025-05-11-saat-15.13.45_6ac7d833-768x1024.jpg\" alt=\"\" class=\"wp-image-287\" srcset=\"https:\/\/www.evatactical.tr\/blog\/wp-content\/uploads\/2025\/08\/WhatsApp-Gorsel-2025-05-11-saat-15.13.45_6ac7d833-768x1024.jpg 768w, https:\/\/www.evatactical.tr\/blog\/wp-content\/uploads\/2025\/08\/WhatsApp-Gorsel-2025-05-11-saat-15.13.45_6ac7d833-225x300.jpg 225w, https:\/\/www.evatactical.tr\/blog\/wp-content\/uploads\/2025\/08\/WhatsApp-Gorsel-2025-05-11-saat-15.13.45_6ac7d833-2000x2667.jpg 2000w, https:\/\/www.evatactical.tr\/blog\/wp-content\/uploads\/2025\/08\/WhatsApp-Gorsel-2025-05-11-saat-15.13.45_6ac7d833-scaled.jpg 1920w\" sizes=\"auto, (max-width: 768px) 100vw, 768px\" \/><\/figure>\n<\/figure>\n<\/div>\n<\/div>\n<\/div>\n<\/div><\/div>\n","protected":false},"excerpt":{"rendered":"<p>Tasar\u0131mlar\u0131n olu\u015fmas\u0131ndaki ger\u00e7ekler Ergonomi Tasar\u0131m yapmak i\u015fin sadece ba\u015flang\u0131c\u0131d\u0131r. \u00d6nemli olan i\u015flevselliktir. B\u0131\u00e7a\u011f\u0131n g\u00f6rseli harika olabilir, ancak bir ama\u00e7 i\u00e7in \u00fcretilmediyse masa \u00fcst\u00fcnde bir s\u00fcs e\u015fyas\u0131 olarak kalmaktan ileri gidemeyecektir. Detaylar Bir \u00fcr\u00fcn tasarlad\u0131\u011f\u0131n\u0131zda bir hedefiniz olmal\u0131d\u0131r. B\u00fct\u00fcn\u00fc g\u00f6rmeden yarat\u0131lan her \u00fcr\u00fcn bo\u015flukta kalmaya mahkumdur. Her b\u0131\u00e7a\u011f\u0131n tasar\u0131m\u0131 bir ama\u00e7 ta\u015f\u0131mal\u0131d\u0131r. Karakter Unutulmamas\u0131 gereken en &hellip; <\/p>\n<p class=\"link-more\"><a href=\"https:\/\/www.evatactical.tr\/blog\/?page_id=10\" class=\"more-link\"><span class=\"screen-reader-text\"> &#8220;EVA TACT\u0130CAL D\u00dcNYASI&#8230;.&#8221;<\/span>devam\u0131n\u0131 oku<\/a><\/p>\n","protected":false},"author":1,"featured_media":38,"parent":0,"menu_order":0,"comment_status":"closed","ping_status":"closed","template":"","meta":{"inspiro_hide_title":false,"footnotes":""},"class_list":["post-10","page","type-page","status-publish","has-post-thumbnail","hentry"],"featured_media_urls":{"thumbnail":["https:\/\/www.evatactical.tr\/blog\/wp-content\/uploads\/2025\/07\/WhatsApp-Image-2025-01-13-at-17.58.22-150x150.jpeg",150,150,true],"medium":["https:\/\/www.evatactical.tr\/blog\/wp-content\/uploads\/2025\/07\/WhatsApp-Image-2025-01-13-at-17.58.22-221x300.jpeg",221,300,true],"medium_large":["https:\/\/www.evatactical.tr\/blog\/wp-content\/uploads\/2025\/07\/WhatsApp-Image-2025-01-13-at-17.58.22.jpeg",768,1042,false],"large":["https:\/\/www.evatactical.tr\/blog\/wp-content\/uploads\/2025\/07\/WhatsApp-Image-2025-01-13-at-17.58.22-755x1024.jpeg",755,1024,true],"1536x1536":["https:\/\/www.evatactical.tr\/blog\/wp-content\/uploads\/2025\/07\/WhatsApp-Image-2025-01-13-at-17.58.22-1132x1536.jpeg",1132,1536,true],"2048x2048":["https:\/\/www.evatactical.tr\/blog\/wp-content\/uploads\/2025\/07\/WhatsApp-Image-2025-01-13-at-17.58.22.jpeg",1179,1600,false],"inspiro-featured-image":["https:\/\/www.evatactical.tr\/blog\/wp-content\/uploads\/2025\/07\/WhatsApp-Image-2025-01-13-at-17.58.22.jpeg",1179,1600,false],"inspiro-loop":["https:\/\/www.evatactical.tr\/blog\/wp-content\/uploads\/2025\/07\/WhatsApp-Image-2025-01-13-at-17.58.22-950x320.jpeg",950,320,true],"inspiro-loop@2x":["https:\/\/www.evatactical.tr\/blog\/wp-content\/uploads\/2025\/07\/WhatsApp-Image-2025-01-13-at-17.58.22-1179x640.jpeg",1179,640,true],"portfolio_item-thumbnail":["https:\/\/www.evatactical.tr\/blog\/wp-content\/uploads\/2025\/07\/WhatsApp-Image-2025-01-13-at-17.58.22-600x400.jpeg",600,400,true],"portfolio_item-thumbnail@2x":["https:\/\/www.evatactical.tr\/blog\/wp-content\/uploads\/2025\/07\/WhatsApp-Image-2025-01-13-at-17.58.22-1179x800.jpeg",1179,800,true],"portfolio_item-masonry":["https:\/\/www.evatactical.tr\/blog\/wp-content\/uploads\/2025\/07\/WhatsApp-Image-2025-01-13-at-17.58.22-600x814.jpeg",600,814,true],"portfolio_item-masonry@2x":["https:\/\/www.evatactical.tr\/blog\/wp-content\/uploads\/2025\/07\/WhatsApp-Image-2025-01-13-at-17.58.22.jpeg",1179,1600,false],"portfolio_item-thumbnail_cinema":["https:\/\/www.evatactical.tr\/blog\/wp-content\/uploads\/2025\/07\/WhatsApp-Image-2025-01-13-at-17.58.22-800x335.jpeg",800,335,true],"portfolio_item-thumbnail_portrait":["https:\/\/www.evatactical.tr\/blog\/wp-content\/uploads\/2025\/07\/WhatsApp-Image-2025-01-13-at-17.58.22-600x900.jpeg",600,900,true],"portfolio_item-thumbnail_portrait@2x":["https:\/\/www.evatactical.tr\/blog\/wp-content\/uploads\/2025\/07\/WhatsApp-Image-2025-01-13-at-17.58.22.jpeg",1179,1600,false],"portfolio_item-thumbnail_square":["https:\/\/www.evatactical.tr\/blog\/wp-content\/uploads\/2025\/07\/WhatsApp-Image-2025-01-13-at-17.58.22-800x800.jpeg",800,800,true]},"_links":{"self":[{"href":"https:\/\/www.evatactical.tr\/blog\/index.php?rest_route=\/wp\/v2\/pages\/10","targetHints":{"allow":["GET"]}}],"collection":[{"href":"https:\/\/www.evatactical.tr\/blog\/index.php?rest_route=\/wp\/v2\/pages"}],"about":[{"href":"https:\/\/www.evatactical.tr\/blog\/index.php?rest_route=\/wp\/v2\/types\/page"}],"author":[{"embeddable":true,"href":"https:\/\/www.evatactical.tr\/blog\/index.php?rest_route=\/wp\/v2\/users\/1"}],"replies":[{"embeddable":true,"href":"https:\/\/www.evatactical.tr\/blog\/index.php?rest_route=%2Fwp%2Fv2%2Fcomments&post=10"}],"version-history":[{"count":5,"href":"https:\/\/www.evatactical.tr\/blog\/index.php?rest_route=\/wp\/v2\/pages\/10\/revisions"}],"predecessor-version":[{"id":288,"href":"https:\/\/www.evatactical.tr\/blog\/index.php?rest_route=\/wp\/v2\/pages\/10\/revisions\/288"}],"wp:featuredmedia":[{"embeddable":true,"href":"https:\/\/www.evatactical.tr\/blog\/index.php?rest_route=\/wp\/v2\/media\/38"}],"wp:attachment":[{"href":"https:\/\/www.evatactical.tr\/blog\/index.php?rest_route=%2Fwp%2Fv2%2Fmedia&parent=10"}],"curies":[{"name":"wp","href":"https:\/\/api.w.org\/{rel}","templated":true}]}}